{"id":1616,"date":"2016-11-29T16:27:10","date_gmt":"2016-11-29T21:27:10","guid":{"rendered":"https:\/\/www.sdarm.ca\/nos-collaborateurs"},"modified":"2023-01-25T21:21:18","modified_gmt":"2023-01-26T02:21:18","slug":"nos-collaborateurs","status":"publish","type":"page","link":"https:\/\/www.sdarm.ca\/fr\/nos-collaborateurs","title":{"rendered":"Nos collaborateurs"},"content":{"rendered":"","protected":false},"excerpt":{"rendered":"","protected":false},"author":1,"featured_media":0,"parent":0,"menu_order":0,"comment_status":"closed","ping_status":"closed","template":"","meta":{"footnotes":""},"class_list":["post-1616","page","type-page","status-publish","hentry"],"yoast_head":"<!-- This site is optimized with the Yoast SEO plugin v27.5 - https:\/\/yoast.com\/product\/yoast-seo-wordpress\/ -->\n<title>Nos collaborateurs - \u00c9glise Adventiste du Septi\u00e8me Jour Mouvement de R\u00e9forme - Champ Est-Canadien<\/title>\n<meta name=\"robots\" content=\"index, follow, max-snippet:-1, max-image-preview:large, max-video-preview:-1\" \/>\n<link rel=\"canonical\" href=\"https:\/\/www.sdarm.ca\/fr\/nos-collaborateurs\" \/>\n<meta property=\"og:locale\" content=\"fr_FR\" \/>\n<meta property=\"og:type\" content=\"article\" \/>\n<meta property=\"og:title\" content=\"Nos collaborateurs - \u00c9glise Adventiste du Septi\u00e8me Jour Mouvement de R\u00e9forme - Champ Est-Canadien\" \/>\n<meta property=\"og:url\" content=\"https:\/\/www.sdarm.ca\/fr\/nos-collaborateurs\" \/>\n<meta property=\"og:site_name\" content=\"\u00c9glise Adventiste du Septi\u00e8me Jour Mouvement de R\u00e9forme - Champ Est-Canadien\" \/>\n<meta property=\"article:modified_time\" content=\"2023-01-26T02:21:18+00:00\" \/>\n<meta name=\"twitter:card\" content=\"summary_large_image\" \/>\n<script type=\"application\/ld+json\" class=\"yoast-schema-graph\">{\"@context\":\"https:\\\/\\\/schema.org\",\"@graph\":[{\"@type\":\"WebPage\",\"@id\":\"https:\\\/\\\/www.sdarm.ca\\\/fr\\\/nos-collaborateurs\",\"url\":\"https:\\\/\\\/www.sdarm.ca\\\/fr\\\/nos-collaborateurs\",\"name\":\"Nos collaborateurs - \u00c9glise Adventiste du Septi\u00e8me Jour Mouvement de R\u00e9forme - Champ Est-Canadien\",\"isPartOf\":{\"@id\":\"https:\\\/\\\/www.sdarm.ca\\\/fr#website\"},\"datePublished\":\"2016-11-29T21:27:10+00:00\",\"dateModified\":\"2023-01-26T02:21:18+00:00\",\"breadcrumb\":{\"@id\":\"https:\\\/\\\/www.sdarm.ca\\\/fr\\\/nos-collaborateurs#breadcrumb\"},\"inLanguage\":\"fr-FR\",\"potentialAction\":[{\"@type\":\"ReadAction\",\"target\":[\"https:\\\/\\\/www.sdarm.ca\\\/fr\\\/nos-collaborateurs\"]}]},{\"@type\":\"BreadcrumbList\",\"@id\":\"https:\\\/\\\/www.sdarm.ca\\\/fr\\\/nos-collaborateurs#breadcrumb\",\"itemListElement\":[{\"@type\":\"ListItem\",\"position\":1,\"name\":\"Accueil\",\"item\":\"https:\\\/\\\/www.sdarm.ca\\\/fr\"},{\"@type\":\"ListItem\",\"position\":2,\"name\":\"Nos collaborateurs\"}]},{\"@type\":\"WebSite\",\"@id\":\"https:\\\/\\\/www.sdarm.ca\\\/fr#website\",\"url\":\"https:\\\/\\\/www.sdarm.ca\\\/fr\",\"name\":\"\u00c9glise Adventiste du Septi\u00e8me Jour Mouvement de R\u00e9forme - Champ Est-Canadien\",\"description\":\"Bienvenue sur le site web de notre \u00e9glise ! Dans ces pages, vous trouverez des informations sur notre \u00e9glise, nos minist\u00e8res, et surtout, qui est J\u00e9sus-Christ et comment vous pouvez commencer une relation personnelle avec Lui.  Nous esp\u00e9rons que vous serez b\u00e9nis par les sermons et les informations que vous trouverez ici. Plus important encore, nous esp\u00e9rons que vous d\u00e9couvrirez que l'amour de Dieu est inconditionnel.  \u00c0 l'\u00e9glise SDARM, notre d\u00e9sir est de faire une diff\u00e9rence au Canada et dans le monde. Nous aspirons \u00e0 \u00eatre une famille d'\u00e9glise qui accomplit la mission de Dieu. Venez nous rendre visite !\",\"publisher\":{\"@id\":\"https:\\\/\\\/www.sdarm.ca\\\/fr#organization\"},\"potentialAction\":[{\"@type\":\"SearchAction\",\"target\":{\"@type\":\"EntryPoint\",\"urlTemplate\":\"https:\\\/\\\/www.sdarm.ca\\\/fr?s={search_term_string}\"},\"query-input\":{\"@type\":\"PropertyValueSpecification\",\"valueRequired\":true,\"valueName\":\"search_term_string\"}}],\"inLanguage\":\"fr-FR\"},{\"@type\":\"Organization\",\"@id\":\"https:\\\/\\\/www.sdarm.ca\\\/fr#organization\",\"name\":\"\u00c9glise Adventiste du Septi\u00e8me Jour Mouvement de R\u00e9forme - Champ Est-Canadien\",\"url\":\"https:\\\/\\\/www.sdarm.ca\\\/fr\",\"logo\":{\"@type\":\"ImageObject\",\"inLanguage\":\"fr-FR\",\"@id\":\"https:\\\/\\\/www.sdarm.ca\\\/fr#\\\/schema\\\/logo\\\/image\\\/\",\"url\":\"https:\\\/\\\/www.sdarm.ca\\\/wp-content\\\/uploads\\\/2017\\\/01\\\/512x512-icon-logo_eglise.png\",\"contentUrl\":\"https:\\\/\\\/www.sdarm.ca\\\/wp-content\\\/uploads\\\/2017\\\/01\\\/512x512-icon-logo_eglise.png\",\"width\":512,\"height\":512,\"caption\":\"\u00c9glise Adventiste du Septi\u00e8me Jour Mouvement de R\u00e9forme - Champ Est-Canadien\"},\"image\":{\"@id\":\"https:\\\/\\\/www.sdarm.ca\\\/fr#\\\/schema\\\/logo\\\/image\\\/\"}}]}<\/script>\n<!-- \/ Yoast SEO plugin. -->","yoast_head_json":{"title":"Nos collaborateurs - \u00c9glise Adventiste du Septi\u00e8me Jour Mouvement de R\u00e9forme - Champ Est-Canadien","robots":{"index":"index","follow":"follow","max-snippet":"max-snippet:-1","max-image-preview":"max-image-preview:large","max-video-preview":"max-video-preview:-1"},"canonical":"https:\/\/www.sdarm.ca\/fr\/nos-collaborateurs","og_locale":"fr_FR","og_type":"article","og_title":"Nos collaborateurs - \u00c9glise Adventiste du Septi\u00e8me Jour Mouvement de R\u00e9forme - Champ Est-Canadien","og_url":"https:\/\/www.sdarm.ca\/fr\/nos-collaborateurs","og_site_name":"\u00c9glise Adventiste du Septi\u00e8me Jour Mouvement de R\u00e9forme - Champ Est-Canadien","article_modified_time":"2023-01-26T02:21:18+00:00","twitter_card":"summary_large_image","schema":{"@context":"https:\/\/schema.org","@graph":[{"@type":"WebPage","@id":"https:\/\/www.sdarm.ca\/fr\/nos-collaborateurs","url":"https:\/\/www.sdarm.ca\/fr\/nos-collaborateurs","name":"Nos collaborateurs - \u00c9glise Adventiste du Septi\u00e8me Jour Mouvement de R\u00e9forme - Champ Est-Canadien","isPartOf":{"@id":"https:\/\/www.sdarm.ca\/fr#website"},"datePublished":"2016-11-29T21:27:10+00:00","dateModified":"2023-01-26T02:21:18+00:00","breadcrumb":{"@id":"https:\/\/www.sdarm.ca\/fr\/nos-collaborateurs#breadcrumb"},"inLanguage":"fr-FR","potentialAction":[{"@type":"ReadAction","target":["https:\/\/www.sdarm.ca\/fr\/nos-collaborateurs"]}]},{"@type":"BreadcrumbList","@id":"https:\/\/www.sdarm.ca\/fr\/nos-collaborateurs#breadcrumb","itemListElement":[{"@type":"ListItem","position":1,"name":"Accueil","item":"https:\/\/www.sdarm.ca\/fr"},{"@type":"ListItem","position":2,"name":"Nos collaborateurs"}]},{"@type":"WebSite","@id":"https:\/\/www.sdarm.ca\/fr#website","url":"https:\/\/www.sdarm.ca\/fr","name":"\u00c9glise Adventiste du Septi\u00e8me Jour Mouvement de R\u00e9forme - Champ Est-Canadien","description":"Bienvenue sur le site web de notre \u00e9glise ! Dans ces pages, vous trouverez des informations sur notre \u00e9glise, nos minist\u00e8res, et surtout, qui est J\u00e9sus-Christ et comment vous pouvez commencer une relation personnelle avec Lui.  Nous esp\u00e9rons que vous serez b\u00e9nis par les sermons et les informations que vous trouverez ici. Plus important encore, nous esp\u00e9rons que vous d\u00e9couvrirez que l'amour de Dieu est inconditionnel.  \u00c0 l'\u00e9glise SDARM, notre d\u00e9sir est de faire une diff\u00e9rence au Canada et dans le monde. Nous aspirons \u00e0 \u00eatre une famille d'\u00e9glise qui accomplit la mission de Dieu. Venez nous rendre visite !","publisher":{"@id":"https:\/\/www.sdarm.ca\/fr#organization"},"potentialAction":[{"@type":"SearchAction","target":{"@type":"EntryPoint","urlTemplate":"https:\/\/www.sdarm.ca\/fr?s={search_term_string}"},"query-input":{"@type":"PropertyValueSpecification","valueRequired":true,"valueName":"search_term_string"}}],"inLanguage":"fr-FR"},{"@type":"Organization","@id":"https:\/\/www.sdarm.ca\/fr#organization","name":"\u00c9glise Adventiste du Septi\u00e8me Jour Mouvement de R\u00e9forme - Champ Est-Canadien","url":"https:\/\/www.sdarm.ca\/fr","logo":{"@type":"ImageObject","inLanguage":"fr-FR","@id":"https:\/\/www.sdarm.ca\/fr#\/schema\/logo\/image\/","url":"https:\/\/www.sdarm.ca\/wp-content\/uploads\/2017\/01\/512x512-icon-logo_eglise.png","contentUrl":"https:\/\/www.sdarm.ca\/wp-content\/uploads\/2017\/01\/512x512-icon-logo_eglise.png","width":512,"height":512,"caption":"\u00c9glise Adventiste du Septi\u00e8me Jour Mouvement de R\u00e9forme - Champ Est-Canadien"},"image":{"@id":"https:\/\/www.sdarm.ca\/fr#\/schema\/logo\/image\/"}}]}},"_links":{"self":[{"href":"https:\/\/www.sdarm.ca\/fr\/wp-json\/wp\/v2\/pages\/1616","targetHints":{"allow":["GET"]}}],"collection":[{"href":"https:\/\/www.sdarm.ca\/fr\/wp-json\/wp\/v2\/pages"}],"about":[{"href":"https:\/\/www.sdarm.ca\/fr\/wp-json\/wp\/v2\/types\/page"}],"author":[{"embeddable":true,"href":"https:\/\/www.sdarm.ca\/fr\/wp-json\/wp\/v2\/users\/1"}],"replies":[{"embeddable":true,"href":"https:\/\/www.sdarm.ca\/fr\/wp-json\/wp\/v2\/comments?post=1616"}],"version-history":[{"count":2,"href":"https:\/\/www.sdarm.ca\/fr\/wp-json\/wp\/v2\/pages\/1616\/revisions"}],"predecessor-version":[{"id":1683,"href":"https:\/\/www.sdarm.ca\/fr\/wp-json\/wp\/v2\/pages\/1616\/revisions\/1683"}],"wp:attachment":[{"href":"https:\/\/www.sdarm.ca\/fr\/wp-json\/wp\/v2\/media?parent=1616"}],"curies":[{"name":"wp","href":"https:\/\/api.w.org\/{rel}","templated":true}]}}